{"id":626,"date":"2025-10-20T19:34:18","date_gmt":"2025-10-20T19:34:18","guid":{"rendered":"https:\/\/yellowbead.com\/?page_id=626"},"modified":"2025-11-25T15:34:20","modified_gmt":"2025-11-25T15:34:20","slug":"terms-and-conditions","status":"publish","type":"page","link":"https:\/\/yellowbead.com\/fr\/terms-and-conditions\/","title":{"rendered":"Terms and Conditions"},"content":{"rendered":"<div data-elementor-type=\"wp-page\" data-elementor-id=\"626\" class=\"elementor elementor-626\" data-elementor-post-type=\"page\">\n\t\t\t\t<div class=\"elementor-element elementor-element-672e9f1 e-flex e-con-boxed e-con e-parent\" data-id=\"672e9f1\" data-element_type=\"container\" data-e-type=\"container\" data-settings=\"{&quot;background_background&quot;:&quot;classic&quot;}\">\n\t\t\t\t\t<div class=\"e-con-inner\">\n\t\t\t\t\t<\/div>\n\t\t\t\t<\/div>\n\t\t<div class=\"elementor-element elementor-element-c64612d e-flex e-con-boxed e-con e-parent\" data-id=\"c64612d\" data-element_type=\"container\" data-e-type=\"container\">\n\t\t\t\t\t<div class=\"e-con-inner\">\n\t\t\t\t<div class=\"elementor-element elementor-element-da13b7a elementor-widget elementor-widget-heading\" data-id=\"da13b7a\" data-element_type=\"widget\" data-e-type=\"widget\" data-widget_type=\"heading.default\">\n\t\t\t\t<div class=\"elementor-widget-container\">\n\t\t\t\t\t<h1 class=\"elementor-heading-title elementor-size-default\">Modalit\u00e9s<\/h1>\t\t\t\t<\/div>\n\t\t\t\t<\/div>\n\t\t\t\t<div class=\"elementor-element elementor-element-16147c1 elementor-widget elementor-widget-text-editor\" data-id=\"16147c1\" data-element_type=\"widget\" data-e-type=\"widget\" data-widget_type=\"text-editor.default\">\n\t\t\t\t<div class=\"elementor-widget-container\">\n\t\t\t\t\t\t\t\t\t<p data-start=\"390\" data-end=\"426\"><strong data-start=\"390\" data-end=\"407\">Derni\u00e8re mise \u00e0 jour:<\/strong> le 20 octobre 2025.<\/p>\t\t\t\t\t\t\t\t<\/div>\n\t\t\t\t<\/div>\n\t\t\t\t<div class=\"elementor-element elementor-element-5bad312 elementor-widget elementor-widget-heading\" data-id=\"5bad312\" data-element_type=\"widget\" data-e-type=\"widget\" data-widget_type=\"heading.default\">\n\t\t\t\t<div class=\"elementor-widget-container\">\n\t\t\t\t\t<h2 class=\"elementor-heading-title elementor-size-default\">1. Aper\u00e7u<\/h2>\t\t\t\t<\/div>\n\t\t\t\t<\/div>\n\t\t\t\t<div class=\"elementor-element elementor-element-61747a5 elementor-widget elementor-widget-text-editor\" data-id=\"61747a5\" data-element_type=\"widget\" data-e-type=\"widget\" data-widget_type=\"text-editor.default\">\n\t\t\t\t<div class=\"elementor-widget-container\">\n\t\t\t\t\t\t\t\t\t<p data-start=\"2984\" data-end=\"3208\">Les pr\u00e9sentes modalit\u00e9s g\u00e9n\u00e9rales (\u00ab Modalit\u00e9s \u00bb) r\u00e9gissent votre utilisation du site Web\nImmobilier Yellowbead \u2013 Groupe de travail au Lac Simon ainsi que votre r\u00e9servation ou\nutilisation de notre propri\u00e9t\u00e9 au lac Simon. En acc\u00e9dant \u00e0 ce site Web ou en effectuant une\nr\u00e9servation, vous acceptez les pr\u00e9sentes modalit\u00e9s.<\/p>\t\t\t\t\t\t\t\t<\/div>\n\t\t\t\t<\/div>\n\t\t\t\t<div class=\"elementor-element elementor-element-43d9d4f elementor-widget elementor-widget-spacer\" data-id=\"43d9d4f\" data-element_type=\"widget\" data-e-type=\"widget\" data-widget_type=\"spacer.default\">\n\t\t\t\t<div class=\"elementor-widget-container\">\n\t\t\t\t\t\t\t<div class=\"elementor-spacer\">\n\t\t\t<div class=\"elementor-spacer-inner\"><\/div>\n\t\t<\/div>\n\t\t\t\t\t\t<\/div>\n\t\t\t\t<\/div>\n\t\t\t\t<div class=\"elementor-element elementor-element-81156d4 elementor-widget elementor-widget-heading\" data-id=\"81156d4\" data-element_type=\"widget\" data-e-type=\"widget\" data-widget_type=\"heading.default\">\n\t\t\t\t<div class=\"elementor-widget-container\">\n\t\t\t\t\t<h2 class=\"elementor-heading-title elementor-size-default\">2. Utilisation des lieux<\/h2>\t\t\t\t<\/div>\n\t\t\t\t<\/div>\n\t\t\t\t<div class=\"elementor-element elementor-element-295ad9d elementor-widget elementor-widget-text-editor\" data-id=\"295ad9d\" data-element_type=\"widget\" data-e-type=\"widget\" data-widget_type=\"text-editor.default\">\n\t\t\t\t<div class=\"elementor-widget-container\">\n\t\t\t\t\t\t\t\t\t<ul><li data-start=\"3231\" data-end=\"3360\"><p data-start=\"3233\" data-end=\"3360\">Il est possible de r\u00e9server les lieux du s\u00e9jour sur <strong data-start=\"3262\" data-end=\"3278\">une base quotidienne<\/strong> pour des groupes de <strong data-start=\"3308\" data-end=\"3321\">10 personnes maximum,<\/strong>sauf exception convenue par \u00e9crit.<\/p><\/li><li data-start=\"3361\" data-end=\"3469\"><p data-start=\"3363\" data-end=\"3469\">La propri\u00e9t\u00e9 est destin\u00e9e \u00e0 des <strong data-start=\"3392\" data-end=\"3425\">s\u00e9jours professionnels ou d&#039;\u00e9quipe,<\/strong>et non \u00e0 des \u00e9v\u00e9nements priv\u00e9s ou des f\u00eates de grande envergure.<\/p><\/li><li data-start=\"3470\" data-end=\"3579\"><p data-start=\"3472\" data-end=\"3579\">Les invit\u00e9s sont tenus de respecter la propri\u00e9t\u00e9, l'environnement naturel et les r\u00e9glementations locales \u00e0 tout moment.<\/p><\/li><\/ul>\t\t\t\t\t\t\t\t<\/div>\n\t\t\t\t<\/div>\n\t\t\t\t<div class=\"elementor-element elementor-element-13f2077 elementor-widget elementor-widget-spacer\" data-id=\"13f2077\" data-element_type=\"widget\" data-e-type=\"widget\" data-widget_type=\"spacer.default\">\n\t\t\t\t<div class=\"elementor-widget-container\">\n\t\t\t\t\t\t\t<div class=\"elementor-spacer\">\n\t\t\t<div class=\"elementor-spacer-inner\"><\/div>\n\t\t<\/div>\n\t\t\t\t\t\t<\/div>\n\t\t\t\t<\/div>\n\t\t\t\t<div class=\"elementor-element elementor-element-db9619c elementor-widget elementor-widget-heading\" data-id=\"db9619c\" data-element_type=\"widget\" data-e-type=\"widget\" data-widget_type=\"heading.default\">\n\t\t\t\t<div class=\"elementor-widget-container\">\n\t\t\t\t\t<h2 class=\"elementor-heading-title elementor-size-default\">3. R\u00e9servation et paiement<\/h2>\t\t\t\t<\/div>\n\t\t\t\t<\/div>\n\t\t\t\t<div class=\"elementor-element elementor-element-cb63a80 elementor-widget elementor-widget-text-editor\" data-id=\"cb63a80\" data-element_type=\"widget\" data-e-type=\"widget\" data-widget_type=\"text-editor.default\">\n\t\t\t\t<div class=\"elementor-widget-container\">\n\t\t\t\t\t\t\t\t\t<ul><li data-start=\"3610\" data-end=\"3680\"><p data-start=\"3612\" data-end=\"3680\">Un acompte ou le paiement int\u00e9gral peut \u00eatre exig\u00e9 pour confirmer votre r\u00e9servation.<\/p><\/li><li data-start=\"3681\" data-end=\"3801\"><p data-start=\"3683\" data-end=\"3801\">Les annulations ou les changements de date sont soumis \u00e0 notre politique d&#039;annulation, qui\nvous sera communiqu\u00e9e au moment de la r\u00e9servation.<\/p><\/li><li data-start=\"3802\" data-end=\"3951\"><p data-start=\"3804\" data-end=\"3951\">Nous nous r\u00e9servons le droit d&#039;annuler ou de modifier les r\u00e9servations en cas de\ncirconstances impr\u00e9vues (par exemple, conditions m\u00e9t\u00e9orologiques extr\u00eames, entretien,\nmaintenance ou probl\u00e8mes de s\u00e9curit\u00e9).<\/p><\/li><\/ul>\t\t\t\t\t\t\t\t<\/div>\n\t\t\t\t<\/div>\n\t\t\t\t<div class=\"elementor-element elementor-element-9adae71 elementor-widget elementor-widget-spacer\" data-id=\"9adae71\" data-element_type=\"widget\" data-e-type=\"widget\" data-widget_type=\"spacer.default\">\n\t\t\t\t<div class=\"elementor-widget-container\">\n\t\t\t\t\t\t\t<div class=\"elementor-spacer\">\n\t\t\t<div class=\"elementor-spacer-inner\"><\/div>\n\t\t<\/div>\n\t\t\t\t\t\t<\/div>\n\t\t\t\t<\/div>\n\t\t\t\t<div class=\"elementor-element elementor-element-c9a0cd3 elementor-widget elementor-widget-heading\" data-id=\"c9a0cd3\" data-element_type=\"widget\" data-e-type=\"widget\" data-widget_type=\"heading.default\">\n\t\t\t\t<div class=\"elementor-widget-container\">\n\t\t\t\t\t<h2 class=\"elementor-heading-title elementor-size-default\">4. Liability<\/h2>\t\t\t\t<\/div>\n\t\t\t\t<\/div>\n\t\t\t\t<div class=\"elementor-element elementor-element-155d048 elementor-widget elementor-widget-text-editor\" data-id=\"155d048\" data-element_type=\"widget\" data-e-type=\"widget\" data-widget_type=\"text-editor.default\">\n\t\t\t\t<div class=\"elementor-widget-container\">\n\t\t\t\t\t\t\t\t\t<p data-start=\"3972\" data-end=\"4028\">Immobilier Yellowbead n'est pas responsable:<\/p><ul data-start=\"4029\" data-end=\"4274\"><li data-start=\"4029\" data-end=\"4109\"><p data-start=\"4031\" data-end=\"4109\">des blessures, pertes ou dommages subis par les invit\u00e9s ou leurs biens personnels pendant\nleur s\u00e9jour<\/p><\/li><li data-start=\"4110\" data-end=\"4181\"><p data-start=\"4112\" data-end=\"4181\">de la m\u00e9t\u00e9o ou des \u00e9v\u00e9nements naturels affectant l'acc\u00e8s ou les activit\u00e9s<\/p><\/li><li data-start=\"4182\" data-end=\"4274\"><p data-start=\"4184\" data-end=\"4274\">des services fournis par des tiers (comme traiteurs ou restaurants locaux) que nous ne\nfournissons pas nous-m\u00eames.<\/p><\/li><\/ul><p data-start=\"4276\" data-end=\"4370\">En utilisant la propri\u00e9t\u00e9, les participants sont responsables de leur s\u00e9curit\u00e9 et de leur\ncomportement.<\/p>\t\t\t\t\t\t\t\t<\/div>\n\t\t\t\t<\/div>\n\t\t\t\t<div class=\"elementor-element elementor-element-274fbc6 elementor-widget elementor-widget-text-editor\" data-id=\"274fbc6\" data-element_type=\"widget\" data-e-type=\"widget\" data-widget_type=\"text-editor.default\">\n\t\t\t\t<div class=\"elementor-widget-container\">\n\t\t\t\t\t\t\t\t\t<p>Sans limiter la g\u00e9n\u00e9ralit\u00e9 de ce qui pr\u00e9c\u00e8de, vous convenez d\u2019indemniser Immobilier Yellowbead et le tiendra \u00e0 couvert de toute demande d'indemnit\u00e9 ou de toute responsabilit\u00e9, r\u00e9clamation, poursuite ouaction en justice et de tous dommages-int\u00e9r\u00eats, co\u00fbts et d\u00e9penses d\u00e9coulant de tout accident, blessure (incluant le d\u00e9c\u00e8s) ou dommage de quelque nature que ce soit et quelle qu'en soit la cause caus\u00e9s \u00e0 toute(s) personne(s) (y compris les participants et invit\u00e9s, ou aux biens de toute(s) telle(s) personne(s).<\/p>\t\t\t\t\t\t\t\t<\/div>\n\t\t\t\t<\/div>\n\t\t\t\t<div class=\"elementor-element elementor-element-84d5604 elementor-widget elementor-widget-text-editor\" data-id=\"84d5604\" data-element_type=\"widget\" data-e-type=\"widget\" data-widget_type=\"text-editor.default\">\n\t\t\t\t<div class=\"elementor-widget-container\">\n\t\t\t\t\t\t\t\t\t<p>Vous devez d\u00e9tenir une police d\u2019assurance responsabilit\u00e9 civile valide pendant toute la dur\u00e9e de votre s\u00e9jour, laquelle doit couvrir tous les participants et invit\u00e9s ainsi que leur biens et propri\u00e9t\u00e9. Immobilier Yellowbead peut demander de fournir une preuve d\u2019assurance et se r\u00e9serve le droit d\u2019annuler la r\u00e9servation si la couverture est jug\u00e9e insuffisante.<\/p>\t\t\t\t\t\t\t\t<\/div>\n\t\t\t\t<\/div>\n\t\t\t\t<div class=\"elementor-element elementor-element-776c1b5 elementor-widget elementor-widget-spacer\" data-id=\"776c1b5\" data-element_type=\"widget\" data-e-type=\"widget\" data-widget_type=\"spacer.default\">\n\t\t\t\t<div class=\"elementor-widget-container\">\n\t\t\t\t\t\t\t<div class=\"elementor-spacer\">\n\t\t\t<div class=\"elementor-spacer-inner\"><\/div>\n\t\t<\/div>\n\t\t\t\t\t\t<\/div>\n\t\t\t\t<\/div>\n\t\t\t\t<div class=\"elementor-element elementor-element-a7b8218 elementor-widget elementor-widget-heading\" data-id=\"a7b8218\" data-element_type=\"widget\" data-e-type=\"widget\" data-widget_type=\"heading.default\">\n\t\t\t\t<div class=\"elementor-widget-container\">\n\t\t\t\t\t<h2 class=\"elementor-heading-title elementor-size-default\">5. R\u00e8gles relatives \u00e0 la propri\u00e9t\u00e9<\/h2>\t\t\t\t<\/div>\n\t\t\t\t<\/div>\n\t\t\t\t<div class=\"elementor-element elementor-element-9bae829 elementor-widget elementor-widget-text-editor\" data-id=\"9bae829\" data-element_type=\"widget\" data-e-type=\"widget\" data-widget_type=\"text-editor.default\">\n\t\t\t\t<div class=\"elementor-widget-container\">\n\t\t\t\t\t\t\t\t\t<ul><li data-start=\"4396\" data-end=\"4429\"><p data-start=\"4398\" data-end=\"4429\">Il est interdit de fumer \u00e0 l&#039;int\u00e9rieur du chalet.<\/p><\/li><li data-start=\"4430\" data-end=\"4472\"><p data-start=\"4432\" data-end=\"4472\">Respectez les heures de repos et la faune locale.<\/p><\/li><li data-start=\"4473\" data-end=\"4543\"><p data-start=\"4475\" data-end=\"4543\">Laissez la propri\u00e9t\u00e9 dans un \u00e9tat propre (sinon des frais de nettoyage pourraient\ns'appliquer).<\/p><\/li><li data-start=\"4544\" data-end=\"4626\"><p data-start=\"4546\" data-end=\"4626\">Tout dommage caus\u00e9 \u00e0 la propri\u00e9t\u00e9 ou \u00e0 son contenu sera factur\u00e9 \u00e0 la personne ayant\neffectu\u00e9 la r\u00e9servation.<\/p><\/li><\/ul>\t\t\t\t\t\t\t\t<\/div>\n\t\t\t\t<\/div>\n\t\t\t\t<div class=\"elementor-element elementor-element-29183e2 elementor-widget elementor-widget-spacer\" data-id=\"29183e2\" data-element_type=\"widget\" data-e-type=\"widget\" data-widget_type=\"spacer.default\">\n\t\t\t\t<div class=\"elementor-widget-container\">\n\t\t\t\t\t\t\t<div class=\"elementor-spacer\">\n\t\t\t<div class=\"elementor-spacer-inner\"><\/div>\n\t\t<\/div>\n\t\t\t\t\t\t<\/div>\n\t\t\t\t<\/div>\n\t\t\t\t<div class=\"elementor-element elementor-element-8fb038b elementor-widget elementor-widget-heading\" data-id=\"8fb038b\" data-element_type=\"widget\" data-e-type=\"widget\" data-widget_type=\"heading.default\">\n\t\t\t\t<div class=\"elementor-widget-container\">\n\t\t\t\t\t<h2 class=\"elementor-heading-title elementor-size-default\">6. Propri\u00e9t\u00e9 intellectuelle<\/h2>\t\t\t\t<\/div>\n\t\t\t\t<\/div>\n\t\t\t\t<div class=\"elementor-element elementor-element-7dc7f76 elementor-widget elementor-widget-text-editor\" data-id=\"7dc7f76\" data-element_type=\"widget\" data-e-type=\"widget\" data-widget_type=\"text-editor.default\">\n\t\t\t\t<div class=\"elementor-widget-container\">\n\t\t\t\t\t\t\t\t\t<p data-start=\"2161\" data-end=\"2353\">Le contenu du site Web, y compris les textes, les images et les marques, demeure la\npropri\u00e9t\u00e9 de Immobilier Yellowbead et<br \/>ne peut \u00eatre copi\u00e9 ou utilis\u00e9 sans autorisation.<\/p>\t\t\t\t\t\t\t\t<\/div>\n\t\t\t\t<\/div>\n\t\t\t\t<div class=\"elementor-element elementor-element-878092e elementor-widget elementor-widget-spacer\" data-id=\"878092e\" data-element_type=\"widget\" data-e-type=\"widget\" data-widget_type=\"spacer.default\">\n\t\t\t\t<div class=\"elementor-widget-container\">\n\t\t\t\t\t\t\t<div class=\"elementor-spacer\">\n\t\t\t<div class=\"elementor-spacer-inner\"><\/div>\n\t\t<\/div>\n\t\t\t\t\t\t<\/div>\n\t\t\t\t<\/div>\n\t\t\t\t<div class=\"elementor-element elementor-element-6ee2b12 elementor-widget elementor-widget-heading\" data-id=\"6ee2b12\" data-element_type=\"widget\" data-e-type=\"widget\" data-widget_type=\"heading.default\">\n\t\t\t\t<div class=\"elementor-widget-container\">\n\t\t\t\t\t<h2 class=\"elementor-heading-title elementor-size-default\">7. Utilisation du site Web<\/h2>\t\t\t\t<\/div>\n\t\t\t\t<\/div>\n\t\t\t\t<div class=\"elementor-element elementor-element-97e896f elementor-widget elementor-widget-text-editor\" data-id=\"97e896f\" data-element_type=\"widget\" data-e-type=\"widget\" data-widget_type=\"text-editor.default\">\n\t\t\t\t<div class=\"elementor-widget-container\">\n\t\t\t\t\t\t\t\t\t<p data-start=\"2376\" data-end=\"2513\">Vous acceptez de ne pas utiliser ce site Web \u00e0 des fins ill\u00e9gales ou de tenter d&#039;en perturber\nle fonctionnement.<br data-start=\"4944\" data-end=\"4947\" \/>Nous faisons tout notre possible pour garantir l&#039;exactitude des informations, mais nous ne\npouvons garantir que celles-ci sont exemptes d&#039;erreurs ou \u00e0 jour.<\/p>\t\t\t\t\t\t\t\t<\/div>\n\t\t\t\t<\/div>\n\t\t\t\t<div class=\"elementor-element elementor-element-a3287cb elementor-widget elementor-widget-spacer\" data-id=\"a3287cb\" data-element_type=\"widget\" data-e-type=\"widget\" data-widget_type=\"spacer.default\">\n\t\t\t\t<div class=\"elementor-widget-container\">\n\t\t\t\t\t\t\t<div class=\"elementor-spacer\">\n\t\t\t<div class=\"elementor-spacer-inner\"><\/div>\n\t\t<\/div>\n\t\t\t\t\t\t<\/div>\n\t\t\t\t<\/div>\n\t\t\t\t<div class=\"elementor-element elementor-element-e9f859b elementor-widget elementor-widget-heading\" data-id=\"e9f859b\" data-element_type=\"widget\" data-e-type=\"widget\" data-widget_type=\"heading.default\">\n\t\t\t\t<div class=\"elementor-widget-container\">\n\t\t\t\t\t<h2 class=\"elementor-heading-title elementor-size-default\">8. Loi applicable<\/h2>\t\t\t\t<\/div>\n\t\t\t\t<\/div>\n\t\t\t\t<div class=\"elementor-element elementor-element-4b99d20 elementor-widget elementor-widget-text-editor\" data-id=\"4b99d20\" data-element_type=\"widget\" data-e-type=\"widget\" data-widget_type=\"text-editor.default\">\n\t\t\t\t<div class=\"elementor-widget-container\">\n\t\t\t\t\t\t\t\t\t<p data-start=\"5089\" data-end=\"5188\">Les pr\u00e9sentes modalit\u00e9s sont r\u00e9gies par les lois de la province de Qu\u00e9bec et les lois\nf\u00e9d\u00e9rales du Canada.<\/p>\t\t\t\t\t\t\t\t<\/div>\n\t\t\t\t<\/div>\n\t\t\t\t<div class=\"elementor-element elementor-element-60a0fd8 elementor-widget elementor-widget-spacer\" data-id=\"60a0fd8\" data-element_type=\"widget\" data-e-type=\"widget\" data-widget_type=\"spacer.default\">\n\t\t\t\t<div class=\"elementor-widget-container\">\n\t\t\t\t\t\t\t<div class=\"elementor-spacer\">\n\t\t\t<div class=\"elementor-spacer-inner\"><\/div>\n\t\t<\/div>\n\t\t\t\t\t\t<\/div>\n\t\t\t\t<\/div>\n\t\t\t\t<div class=\"elementor-element elementor-element-26f0501 elementor-widget elementor-widget-heading\" data-id=\"26f0501\" data-element_type=\"widget\" data-e-type=\"widget\" data-widget_type=\"heading.default\">\n\t\t\t\t<div class=\"elementor-widget-container\">\n\t\t\t\t\t<h2 class=\"elementor-heading-title elementor-size-default\">9. Contact <\/h2>\t\t\t\t<\/div>\n\t\t\t\t<\/div>\n\t\t\t\t<div class=\"elementor-element elementor-element-66c8a64 elementor-widget elementor-widget-text-editor\" data-id=\"66c8a64\" data-element_type=\"widget\" data-e-type=\"widget\" data-widget_type=\"text-editor.default\">\n\t\t\t\t<div class=\"elementor-widget-container\">\n\t\t\t\t\t\t\t\t\t<p data-start=\"2547\" data-end=\"2687\">Pour toute question concernant les pr\u00e9sentes modalit\u00e9s ou votre r\u00e9servation contactez :<\/p><p data-start=\"2547\" data-end=\"2687\"><strong>hadi.helbawi@deltarim.com<\/strong><\/p>\t\t\t\t\t\t\t\t<\/div>\n\t\t\t\t<\/div>\n\t\t\t\t\t<\/div>\n\t\t\t\t<\/div>\n\t\t\t\t<\/div>","protected":false},"excerpt":{"rendered":"<p>Terms &amp; Conditions Last Updated: October 20, 2025 1. Overview These Terms and Conditions (\u201cTerms\u201d) govern your use of the Yellowbead Realties &#8211; Corporate Retreat at Lac Simon website and your booking or use of our retreat property. By accessing this website or making a reservation, you agree to these Terms. 2. Retreat Use The [&hellip;]<\/p>\n","protected":false},"author":3,"featured_media":0,"parent":0,"menu_order":0,"comment_status":"closed","ping_status":"closed","template":"elementor_header_footer","meta":{"iawp_total_views":5,"footnotes":""},"class_list":["post-626","page","type-page","status-publish","hentry"],"_links":{"self":[{"href":"https:\/\/yellowbead.com\/fr\/wp-json\/wp\/v2\/pages\/626","targetHints":{"allow":["GET"]}}],"collection":[{"href":"https:\/\/yellowbead.com\/fr\/wp-json\/wp\/v2\/pages"}],"about":[{"href":"https:\/\/yellowbead.com\/fr\/wp-json\/wp\/v2\/types\/page"}],"author":[{"embeddable":true,"href":"https:\/\/yellowbead.com\/fr\/wp-json\/wp\/v2\/users\/3"}],"replies":[{"embeddable":true,"href":"https:\/\/yellowbead.com\/fr\/wp-json\/wp\/v2\/comments?post=626"}],"version-history":[{"count":31,"href":"https:\/\/yellowbead.com\/fr\/wp-json\/wp\/v2\/pages\/626\/revisions"}],"predecessor-version":[{"id":783,"href":"https:\/\/yellowbead.com\/fr\/wp-json\/wp\/v2\/pages\/626\/revisions\/783"}],"wp:attachment":[{"href":"https:\/\/yellowbead.com\/fr\/wp-json\/wp\/v2\/media?parent=626"}],"curies":[{"name":"wp","href":"https:\/\/api.w.org\/{rel}","templated":true}]}}