{"id":603,"date":"2025-10-20T19:25:57","date_gmt":"2025-10-20T19:25:57","guid":{"rendered":"https:\/\/yellowbead.com\/?page_id=603"},"modified":"2025-11-25T15:37:36","modified_gmt":"2025-11-25T15:37:36","slug":"privacy-policy-2","status":"publish","type":"page","link":"https:\/\/yellowbead.com\/fr\/privacy-policy-2\/","title":{"rendered":"Politique de confidentialit\u00e9"},"content":{"rendered":"<div data-elementor-type=\"wp-page\" data-elementor-id=\"603\" class=\"elementor elementor-603\" data-elementor-post-type=\"page\">\n\t\t\t\t<div class=\"elementor-element elementor-element-472b142 e-flex e-con-boxed e-con e-parent\" data-id=\"472b142\" data-element_type=\"container\" data-e-type=\"container\" data-settings=\"{&quot;background_background&quot;:&quot;classic&quot;}\">\n\t\t\t\t\t<div class=\"e-con-inner\">\n\t\t\t\t\t<\/div>\n\t\t\t\t<\/div>\n\t\t<div class=\"elementor-element elementor-element-4a58e09 e-flex e-con-boxed e-con e-parent\" data-id=\"4a58e09\" data-element_type=\"container\" data-e-type=\"container\">\n\t\t\t\t\t<div class=\"e-con-inner\">\n\t\t\t\t<div class=\"elementor-element elementor-element-3f5cba1 elementor-widget elementor-widget-heading\" data-id=\"3f5cba1\" data-element_type=\"widget\" data-e-type=\"widget\" data-widget_type=\"heading.default\">\n\t\t\t\t<div class=\"elementor-widget-container\">\n\t\t\t\t\t<h1 class=\"elementor-heading-title elementor-size-default\">Politique de confidentialit\u00e9<\/h1>\t\t\t\t<\/div>\n\t\t\t\t<\/div>\n\t\t\t\t<div class=\"elementor-element elementor-element-d6052ff elementor-widget elementor-widget-text-editor\" data-id=\"d6052ff\" data-element_type=\"widget\" data-e-type=\"widget\" data-widget_type=\"text-editor.default\">\n\t\t\t\t<div class=\"elementor-widget-container\">\n\t\t\t\t\t\t\t\t\t<p data-start=\"390\" data-end=\"426\"><strong data-start=\"390\" data-end=\"407\">Derni\u00e8re mise \u00e0 jour:<\/strong> le 20 octobre 2025.<\/p>\t\t\t\t\t\t\t\t<\/div>\n\t\t\t\t<\/div>\n\t\t\t\t<div class=\"elementor-element elementor-element-5f069ae elementor-widget elementor-widget-heading\" data-id=\"5f069ae\" data-element_type=\"widget\" data-e-type=\"widget\" data-widget_type=\"heading.default\">\n\t\t\t\t<div class=\"elementor-widget-container\">\n\t\t\t\t\t<h2 class=\"elementor-heading-title elementor-size-default\">1.  Introduction<\/h2>\t\t\t\t<\/div>\n\t\t\t\t<\/div>\n\t\t\t\t<div class=\"elementor-element elementor-element-d79d4d3 elementor-widget elementor-widget-text-editor\" data-id=\"d79d4d3\" data-element_type=\"widget\" data-e-type=\"widget\" data-widget_type=\"text-editor.default\">\n\t\t\t\t<div class=\"elementor-widget-container\">\n\t\t\t\t\t\t\t\t\t<p data-start=\"450\" data-end=\"750\">Groupe de travail au Lac Simon (\u00ab nous \u00bb, \u00ab notre \u00bb) respecte votre vie priv\u00e9e et s'engage\nformellement \u00e0 prot\u00e9ger vos renseignements personnels. La pr\u00e9sente politique de confidentialit\u00e9 explique comment nous collectons, utilisons et prot\u00e9geons vos renseignements personnels lorsque vous visitez notre site Web ou lorsque vous nous contactez au sujet de nos services lors de votre s\u00e9jour.<\/p>\t\t\t\t\t\t\t\t<\/div>\n\t\t\t\t<\/div>\n\t\t\t\t<div class=\"elementor-element elementor-element-995b8c7 elementor-widget elementor-widget-spacer\" data-id=\"995b8c7\" data-element_type=\"widget\" data-e-type=\"widget\" data-widget_type=\"spacer.default\">\n\t\t\t\t<div class=\"elementor-widget-container\">\n\t\t\t\t\t\t\t<div class=\"elementor-spacer\">\n\t\t\t<div class=\"elementor-spacer-inner\"><\/div>\n\t\t<\/div>\n\t\t\t\t\t\t<\/div>\n\t\t\t\t<\/div>\n\t\t\t\t<div class=\"elementor-element elementor-element-72e9a16 elementor-widget elementor-widget-heading\" data-id=\"72e9a16\" data-element_type=\"widget\" data-e-type=\"widget\" data-widget_type=\"heading.default\">\n\t\t\t\t<div class=\"elementor-widget-container\">\n\t\t\t\t\t<h2 class=\"elementor-heading-title elementor-size-default\">2. Renseignements que nous recueillons<\/h2>\t\t\t\t<\/div>\n\t\t\t\t<\/div>\n\t\t\t\t<div class=\"elementor-element elementor-element-9453920 elementor-widget elementor-widget-text-editor\" data-id=\"9453920\" data-element_type=\"widget\" data-e-type=\"widget\" data-widget_type=\"text-editor.default\">\n\t\t\t\t<div class=\"elementor-widget-container\">\n\t\t\t\t\t\t\t\t\t<p data-start=\"784\" data-end=\"836\">Nous pouvons recueillir les types de renseignements suivants:<\/p><ul data-start=\"837\" data-end=\"1279\"><li data-start=\"837\" data-end=\"978\"><p data-start=\"839\" data-end=\"978\"><strong data-start=\"839\" data-end=\"864\">Renseignements personnels:<\/strong> tels votre nom, votre adresse de courriel, votre num\u00e9ro de t\u00e9l\u00e9phone et le nom de votre entreprise lorsque vous nous contactez ou effectuez une\ndemande de r\u00e9servation.<\/p><\/li><li data-start=\"979\" data-end=\"1105\"><p data-start=\"981\" data-end=\"1105\"><strong data-start=\"981\" data-end=\"1005\">Renseignements relatifs \u00e0 la r\u00e9servation:<\/strong> d\u00e9tails li\u00e9s \u00e0 votre r\u00e9servation, y compris les\ndates souhait\u00e9es, la m\u00e9thode de paiement, la taille du groupe et les demandes sp\u00e9ciales.<\/p><\/li><li data-start=\"1106\" data-end=\"1279\"><p data-start=\"1108\" data-end=\"1279\"><strong data-start=\"1108\" data-end=\"1141\">Automatically Collected Data:<\/strong> comme votre adresse IP, le type de navigateur et les pages visit\u00e9es, recueillies \u00e0 l'aide de t\u00e9moins ou d'outils d'analyse afin d'am\u00e9liorer\nl'exp\u00e9rience sur notre site Web.<\/p><\/li><\/ul>\t\t\t\t\t\t\t\t<\/div>\n\t\t\t\t<\/div>\n\t\t\t\t<div class=\"elementor-element elementor-element-85452cc elementor-widget elementor-widget-spacer\" data-id=\"85452cc\" data-element_type=\"widget\" data-e-type=\"widget\" data-widget_type=\"spacer.default\">\n\t\t\t\t<div class=\"elementor-widget-container\">\n\t\t\t\t\t\t\t<div class=\"elementor-spacer\">\n\t\t\t<div class=\"elementor-spacer-inner\"><\/div>\n\t\t<\/div>\n\t\t\t\t\t\t<\/div>\n\t\t\t\t<\/div>\n\t\t\t\t<div class=\"elementor-element elementor-element-a6fd600 elementor-widget elementor-widget-heading\" data-id=\"a6fd600\" data-element_type=\"widget\" data-e-type=\"widget\" data-widget_type=\"heading.default\">\n\t\t\t\t<div class=\"elementor-widget-container\">\n\t\t\t\t\t<h2 class=\"elementor-heading-title elementor-size-default\">Comment utilisons-nous vos renseignements?<\/h2>\t\t\t\t<\/div>\n\t\t\t\t<\/div>\n\t\t\t\t<div class=\"elementor-element elementor-element-b2dacce elementor-widget elementor-widget-text-editor\" data-id=\"b2dacce\" data-element_type=\"widget\" data-e-type=\"widget\" data-widget_type=\"text-editor.default\">\n\t\t\t\t<div class=\"elementor-widget-container\">\n\t\t\t\t\t\t\t\t\t<p data-start=\"1318\" data-end=\"1347\">Nous utilisons vos renseignements pour:<\/p><ul data-start=\"1348\" data-end=\"1607\"><li data-start=\"1348\" data-end=\"1415\"><p data-start=\"1350\" data-end=\"1415\">R\u00e9pondre \u00e0 vos demandes et vous fournir des informations sur nos services.<\/p><\/li><li data-start=\"1416\" data-end=\"1455\"><p data-start=\"1418\" data-end=\"1455\">Traiter et g\u00e9rer les r\u00e9servations de s\u00e9jour.<\/p><\/li><li data-start=\"1456\" data-end=\"1503\"><p data-start=\"1458\" data-end=\"1503\">Am\u00e9liorer notre site Web et l&#039;exp\u00e9rience client.<\/p><\/li><li data-start=\"1504\" data-end=\"1607\"><p data-start=\"1506\" data-end=\"1607\">Communiquer avec vous au sujet de votre visite, des mises \u00e0 jour ou des offres li\u00e9es au Groupe de travail hors site au Lac Simon.<\/p><\/li><\/ul><p data-start=\"1609\" data-end=\"1678\">Nous ne vendons, ne louons, ni n&#039;\u00e9changeons vos renseignements \u00e0 aucun tiers. Nous ne\ndivulguerons les renseignements personnels \u00e0 des tiers que dans les cas o\u00f9 nous\nobtiendrons votre consentement ou si nous sommes forc\u00e9s par une autorit\u00e9 comp\u00e9tente.<\/p>\t\t\t\t\t\t\t\t<\/div>\n\t\t\t\t<\/div>\n\t\t\t\t<div class=\"elementor-element elementor-element-f4694dc elementor-widget elementor-widget-spacer\" data-id=\"f4694dc\" data-element_type=\"widget\" data-e-type=\"widget\" data-widget_type=\"spacer.default\">\n\t\t\t\t<div class=\"elementor-widget-container\">\n\t\t\t\t\t\t\t<div class=\"elementor-spacer\">\n\t\t\t<div class=\"elementor-spacer-inner\"><\/div>\n\t\t<\/div>\n\t\t\t\t\t\t<\/div>\n\t\t\t\t<\/div>\n\t\t\t\t<div class=\"elementor-element elementor-element-8b7a676 elementor-widget elementor-widget-heading\" data-id=\"8b7a676\" data-element_type=\"widget\" data-e-type=\"widget\" data-widget_type=\"heading.default\">\n\t\t\t\t<div class=\"elementor-widget-container\">\n\t\t\t\t\t<h2 class=\"elementor-heading-title elementor-size-default\">4. Stockage et s\u00e9curit\u00e9 des donn\u00e9es<\/h2>\t\t\t\t<\/div>\n\t\t\t\t<\/div>\n\t\t\t\t<div class=\"elementor-element elementor-element-bc9aa54 elementor-widget elementor-widget-text-editor\" data-id=\"bc9aa54\" data-element_type=\"widget\" data-e-type=\"widget\" data-widget_type=\"text-editor.default\">\n\t\t\t\t<div class=\"elementor-widget-container\">\n\t\t\t\t\t\t\t\t\t<p data-start=\"1715\" data-end=\"1922\">Vos donn\u00e9es sont stock\u00e9es en toute s\u00e9curit\u00e9 et ne sont accessibles qu'au personnel autoris\u00e9. Nous prenons des mesures administratives, techniques et physiques raisonnables pour prot\u00e9ger vos renseignements contre tout acc\u00e8s ou toute divulgation non autoris\u00e9s. Vos donn\u00e9es sont d\u00e9truites lorsqu\u2019elles ne sont plus pertinentes ou requises.<\/p>\t\t\t\t\t\t\t\t<\/div>\n\t\t\t\t<\/div>\n\t\t\t\t<div class=\"elementor-element elementor-element-b6ebe19 elementor-widget elementor-widget-spacer\" data-id=\"b6ebe19\" data-element_type=\"widget\" data-e-type=\"widget\" data-widget_type=\"spacer.default\">\n\t\t\t\t<div class=\"elementor-widget-container\">\n\t\t\t\t\t\t\t<div class=\"elementor-spacer\">\n\t\t\t<div class=\"elementor-spacer-inner\"><\/div>\n\t\t<\/div>\n\t\t\t\t\t\t<\/div>\n\t\t\t\t<\/div>\n\t\t\t\t<div class=\"elementor-element elementor-element-3cb453b elementor-widget elementor-widget-heading\" data-id=\"3cb453b\" data-element_type=\"widget\" data-e-type=\"widget\" data-widget_type=\"heading.default\">\n\t\t\t\t<div class=\"elementor-widget-container\">\n\t\t\t\t\t<h2 class=\"elementor-heading-title elementor-size-default\">5. T\u00e9moins<\/h2>\t\t\t\t<\/div>\n\t\t\t\t<\/div>\n\t\t\t\t<div class=\"elementor-element elementor-element-05f1641 elementor-widget elementor-widget-text-editor\" data-id=\"05f1641\" data-element_type=\"widget\" data-e-type=\"widget\" data-widget_type=\"text-editor.default\">\n\t\t\t\t<div class=\"elementor-widget-container\">\n\t\t\t\t\t\t\t\t\t<p data-start=\"1941\" data-end=\"2129\">Notre site Web peut utiliser des t\u00e9moins pour am\u00e9liorer votre exp\u00e9rience de navigation.\nVous pouvez les d\u00e9sactiver dans les param\u00e8tres de votre navigateur, mais certaines fonctionnalit\u00e9s du site pourraient alors ne pas fonctionner correctement.<\/p>\t\t\t\t\t\t\t\t<\/div>\n\t\t\t\t<\/div>\n\t\t\t\t<div class=\"elementor-element elementor-element-b1c6d2f elementor-widget elementor-widget-spacer\" data-id=\"b1c6d2f\" data-element_type=\"widget\" data-e-type=\"widget\" data-widget_type=\"spacer.default\">\n\t\t\t\t<div class=\"elementor-widget-container\">\n\t\t\t\t\t\t\t<div class=\"elementor-spacer\">\n\t\t\t<div class=\"elementor-spacer-inner\"><\/div>\n\t\t<\/div>\n\t\t\t\t\t\t<\/div>\n\t\t\t\t<\/div>\n\t\t\t\t<div class=\"elementor-element elementor-element-3c3cc84 elementor-widget elementor-widget-heading\" data-id=\"3c3cc84\" data-element_type=\"widget\" data-e-type=\"widget\" data-widget_type=\"heading.default\">\n\t\t\t\t<div class=\"elementor-widget-container\">\n\t\t\t\t\t<h2 class=\"elementor-heading-title elementor-size-default\">6. Services fournis par des tiers<\/h2>\t\t\t\t<\/div>\n\t\t\t\t<\/div>\n\t\t\t\t<div class=\"elementor-element elementor-element-0e4f09d elementor-widget elementor-widget-text-editor\" data-id=\"0e4f09d\" data-element_type=\"widget\" data-e-type=\"widget\" data-widget_type=\"text-editor.default\">\n\t\t\t\t<div class=\"elementor-widget-container\">\n\t\t\t\t\t\t\t\t\t<p data-start=\"2161\" data-end=\"2353\">Nous pouvons utiliser des outils de tiers (comme Google Analytics) pour comprendre le trafic sur notre site Web et am\u00e9liorer nos services. Ces outils peuvent recueillir des donn\u00e9es\nanonymis\u00e9es conform\u00e9ment \u00e0 leurs propres politiques de confidentialit\u00e9.<\/p>\t\t\t\t\t\t\t\t<\/div>\n\t\t\t\t<\/div>\n\t\t\t\t<div class=\"elementor-element elementor-element-49912fb elementor-widget elementor-widget-spacer\" data-id=\"49912fb\" data-element_type=\"widget\" data-e-type=\"widget\" data-widget_type=\"spacer.default\">\n\t\t\t\t<div class=\"elementor-widget-container\">\n\t\t\t\t\t\t\t<div class=\"elementor-spacer\">\n\t\t\t<div class=\"elementor-spacer-inner\"><\/div>\n\t\t<\/div>\n\t\t\t\t\t\t<\/div>\n\t\t\t\t<\/div>\n\t\t\t\t<div class=\"elementor-element elementor-element-7022c5e elementor-widget elementor-widget-heading\" data-id=\"7022c5e\" data-element_type=\"widget\" data-e-type=\"widget\" data-widget_type=\"heading.default\">\n\t\t\t\t<div class=\"elementor-widget-container\">\n\t\t\t\t\t<h2 class=\"elementor-heading-title elementor-size-default\">7. Vos droits<\/h2>\t\t\t\t<\/div>\n\t\t\t\t<\/div>\n\t\t\t\t<div class=\"elementor-element elementor-element-16a9afe elementor-widget elementor-widget-text-editor\" data-id=\"16a9afe\" data-element_type=\"widget\" data-e-type=\"widget\" data-widget_type=\"text-editor.default\">\n\t\t\t\t<div class=\"elementor-widget-container\">\n\t\t\t\t\t\t\t\t\t<p data-start=\"2376\" data-end=\"2513\">Vous pouvez demander l&#039;acc\u00e8s, la correction ou la suppression de vos renseignements\npersonnels en nous contactant directement \u00e0 l&#039;adresse hadi.helbawi@deltarim.com.<\/p>\t\t\t\t\t\t\t\t<\/div>\n\t\t\t\t<\/div>\n\t\t\t\t<div class=\"elementor-element elementor-element-32f9b16 elementor-widget elementor-widget-spacer\" data-id=\"32f9b16\" data-element_type=\"widget\" data-e-type=\"widget\" data-widget_type=\"spacer.default\">\n\t\t\t\t<div class=\"elementor-widget-container\">\n\t\t\t\t\t\t\t<div class=\"elementor-spacer\">\n\t\t\t<div class=\"elementor-spacer-inner\"><\/div>\n\t\t<\/div>\n\t\t\t\t\t\t<\/div>\n\t\t\t\t<\/div>\n\t\t\t\t<div class=\"elementor-element elementor-element-45dafb5 elementor-widget elementor-widget-heading\" data-id=\"45dafb5\" data-element_type=\"widget\" data-e-type=\"widget\" data-widget_type=\"heading.default\">\n\t\t\t\t<div class=\"elementor-widget-container\">\n\t\t\t\t\t<h2 class=\"elementor-heading-title elementor-size-default\">8. Mises \u00e0 jour de la politique actuelle<\/h2>\t\t\t\t<\/div>\n\t\t\t\t<\/div>\n\t\t\t\t<div class=\"elementor-element elementor-element-85084bd elementor-widget elementor-widget-text-editor\" data-id=\"85084bd\" data-element_type=\"widget\" data-e-type=\"widget\" data-widget_type=\"text-editor.default\">\n\t\t\t\t<div class=\"elementor-widget-container\">\n\t\t\t\t\t\t\t\t\t<p data-start=\"2547\" data-end=\"2687\">Nous pouvons mettre \u00e0 jour la pr\u00e9sente politique de confidentialit\u00e9 de temps \u00e0 autre. La\nderni\u00e8re version sera toujours disponible sur notre site Web avec la date de la derni\u00e8re mise\n\u00e0 jour.<\/p>\t\t\t\t\t\t\t\t<\/div>\n\t\t\t\t<\/div>\n\t\t\t\t<div class=\"elementor-element elementor-element-7acc004 elementor-widget elementor-widget-spacer\" data-id=\"7acc004\" data-element_type=\"widget\" data-e-type=\"widget\" data-widget_type=\"spacer.default\">\n\t\t\t\t<div class=\"elementor-widget-container\">\n\t\t\t\t\t\t\t<div class=\"elementor-spacer\">\n\t\t\t<div class=\"elementor-spacer-inner\"><\/div>\n\t\t<\/div>\n\t\t\t\t\t\t<\/div>\n\t\t\t\t<\/div>\n\t\t\t\t<div class=\"elementor-element elementor-element-e13f7fd elementor-widget elementor-widget-heading\" data-id=\"e13f7fd\" data-element_type=\"widget\" data-e-type=\"widget\" data-widget_type=\"heading.default\">\n\t\t\t\t<div class=\"elementor-widget-container\">\n\t\t\t\t\t<h2 class=\"elementor-heading-title elementor-size-default\">9. Contactez-nous<\/h2>\t\t\t\t<\/div>\n\t\t\t\t<\/div>\n\t\t\t\t<div class=\"elementor-element elementor-element-b20bb4f elementor-widget elementor-widget-text-editor\" data-id=\"b20bb4f\" data-element_type=\"widget\" data-e-type=\"widget\" data-widget_type=\"text-editor.default\">\n\t\t\t\t<div class=\"elementor-widget-container\">\n\t\t\t\t\t\t\t\t\t<p data-start=\"2547\" data-end=\"2687\">Pour toute question concernant la pr\u00e9sente politique de confidentialit\u00e9, veuillez contacter :<\/p><p data-start=\"2547\" data-end=\"2687\"><strong data-start=\"2780\" data-end=\"2814\">hadi.helbawi@deltarim.com<\/strong><\/p>\t\t\t\t\t\t\t\t<\/div>\n\t\t\t\t<\/div>\n\t\t\t\t\t<\/div>\n\t\t\t\t<\/div>\n\t\t\t\t<\/div>","protected":false},"excerpt":{"rendered":"<p>Privacy Policy Last Updated: October 20, 2025 1. Introduction Corporate Retreat at Lac Simon (\u201cwe,\u201d \u201cour,\u201d or \u201cus\u201d) respects your privacy and is committed to protecting the personal information you share with us. This Privacy Policy explains how we collect, use, and safeguard your information when you visit our website or contact us about our [&hellip;]<\/p>\n","protected":false},"author":3,"featured_media":0,"parent":0,"menu_order":0,"comment_status":"closed","ping_status":"closed","template":"elementor_header_footer","meta":{"iawp_total_views":3,"footnotes":""},"class_list":["post-603","page","type-page","status-publish","hentry"],"_links":{"self":[{"href":"https:\/\/yellowbead.com\/fr\/wp-json\/wp\/v2\/pages\/603","targetHints":{"allow":["GET"]}}],"collection":[{"href":"https:\/\/yellowbead.com\/fr\/wp-json\/wp\/v2\/pages"}],"about":[{"href":"https:\/\/yellowbead.com\/fr\/wp-json\/wp\/v2\/types\/page"}],"author":[{"embeddable":true,"href":"https:\/\/yellowbead.com\/fr\/wp-json\/wp\/v2\/users\/3"}],"replies":[{"embeddable":true,"href":"https:\/\/yellowbead.com\/fr\/wp-json\/wp\/v2\/comments?post=603"}],"version-history":[{"count":37,"href":"https:\/\/yellowbead.com\/fr\/wp-json\/wp\/v2\/pages\/603\/revisions"}],"predecessor-version":[{"id":795,"href":"https:\/\/yellowbead.com\/fr\/wp-json\/wp\/v2\/pages\/603\/revisions\/795"}],"wp:attachment":[{"href":"https:\/\/yellowbead.com\/fr\/wp-json\/wp\/v2\/media?parent=603"}],"curies":[{"name":"wp","href":"https:\/\/api.w.org\/{rel}","templated":true}]}}